{"id":2,"date":"2024-02-18T11:26:31","date_gmt":"2024-02-18T11:26:31","guid":{"rendered":"https:\/\/netolcum.com\/?page_id=2"},"modified":"2025-04-01T16:19:38","modified_gmt":"2025-04-01T16:19:38","slug":"ana-sayfa","status":"publish","type":"page","link":"https:\/\/netolcum.com\/","title":{"rendered":"Ana Sayfa"},"content":{"rendered":"\t\t<div data-elementor-type=\"wp-page\" data-elementor-id=\"2\" class=\"elementor elementor-2\">\n\t\t\t\t<div class=\"elementor-element elementor-element-46644631 e-flex e-con-boxed e-con e-parent\" data-id=\"46644631\" data-element_type=\"container\" data-e-type=\"container\">\n\t\t\t\t\t<div class=\"e-con-inner\">\n\t\t\t\t<div class=\"elementor-element elementor-element-217a241 elementor-widget-divider--view-line elementor-widget elementor-widget-divider\" data-id=\"217a241\" data-element_type=\"widget\" data-e-type=\"widget\" data-widget_type=\"divider.default\">\n\t\t\t\t<div class=\"elementor-widget-container\">\n\t\t\t\t\t\t\t<div class=\"elementor-divider\">\n\t\t\t<span class=\"elementor-divider-separator\">\n\t\t\t\t\t\t<\/span>\n\t\t<\/div>\n\t\t\t\t\t\t<\/div>\n\t\t\t\t<\/div>\n\t\t\t\t\t<\/div>\n\t\t\t\t<\/div>\n\t\t<div class=\"elementor-element elementor-element-54a04a2 e-flex e-con-boxed e-con e-parent\" data-id=\"54a04a2\" data-element_type=\"container\" data-e-type=\"container\">\n\t\t\t\t\t<div class=\"e-con-inner\">\n\t\t\t\t\t<\/div>\n\t\t\t\t<\/div>\n\t\t\t\t<\/div>\n\t\t","protected":false},"excerpt":{"rendered":"","protected":false},"author":1,"featured_media":0,"parent":0,"menu_order":0,"comment_status":"closed","ping_status":"closed","template":"","meta":{"footnotes":""},"class_list":["post-2","page","type-page","status-publish"],"yoast_head":"<!-- This site is optimized with the Yoast SEO plugin v27.4 - https:\/\/yoast.com\/product\/yoast-seo-wordpress\/ -->\n<title>Net Tart\u0131m ve \u00d6l\u00e7\u00fcm Cihazlar\u0131 Hassas Terazi<\/title>\n<meta name=\"description\" content=\"Precisa , Ohaus ve Mettler Toledo Hassas Terazi ve \u00d6l\u00e7\u00fcm Cihazlar\u0131 NET LTD. hizmet kalitesi fark\u0131 ile kullan\u0131c\u0131lar\u0131 ile bulu\u015fuyor...\" \/>\n<meta name=\"robots\" content=\"index, follow, max-snippet:-1, max-image-preview:large, max-video-preview:-1\" \/>\n<link rel=\"canonical\" href=\"https:\/\/netolcum.com\/\" \/>\n<meta property=\"og:locale\" content=\"tr_TR\" \/>\n<meta property=\"og:type\" content=\"article\" \/>\n<meta property=\"og:title\" content=\"Net Tart\u0131m ve \u00d6l\u00e7\u00fcm Cihazlar\u0131 Hassas Terazi\" \/>\n<meta property=\"og:description\" content=\"Precisa , Ohaus ve Mettler Toledo Hassas Terazi ve \u00d6l\u00e7\u00fcm Cihazlar\u0131 NET LTD. hizmet kalitesi fark\u0131 ile kullan\u0131c\u0131lar\u0131 ile bulu\u015fuyor...\" \/>\n<meta property=\"og:url\" content=\"https:\/\/netolcum.com\/\" \/>\n<meta property=\"og:site_name\" content=\"NET Tart\u0131m ve \u00d6l\u00e7\u00fcm Cihazlar\u0131 San. Tic. Ltd. \u015eti.\" \/>\n<meta property=\"article:modified_time\" content=\"2025-04-01T16:19:38+00:00\" \/>\n<meta name=\"twitter:card\" content=\"summary_large_image\" \/>\n<meta name=\"twitter:label1\" content=\"Tahmini okuma s\u00fcresi\" \/>\n\t<meta name=\"twitter:data1\" content=\"1 dakika\" \/>\n<script type=\"application\/ld+json\" class=\"yoast-schema-graph\">{\"@context\":\"https:\\\/\\\/schema.org\",\"@graph\":[{\"@type\":\"WebPage\",\"@id\":\"https:\\\/\\\/netolcum.com\\\/\",\"url\":\"https:\\\/\\\/netolcum.com\\\/\",\"name\":\"Net Tart\u0131m ve \u00d6l\u00e7\u00fcm Cihazlar\u0131 Hassas Terazi\",\"isPartOf\":{\"@id\":\"https:\\\/\\\/netolcum.com\\\/#website\"},\"datePublished\":\"2024-02-18T11:26:31+00:00\",\"dateModified\":\"2025-04-01T16:19:38+00:00\",\"description\":\"Precisa , Ohaus ve Mettler Toledo Hassas Terazi ve \u00d6l\u00e7\u00fcm Cihazlar\u0131 NET LTD. hizmet kalitesi fark\u0131 ile kullan\u0131c\u0131lar\u0131 ile bulu\u015fuyor...\",\"breadcrumb\":{\"@id\":\"https:\\\/\\\/netolcum.com\\\/#breadcrumb\"},\"inLanguage\":\"tr\",\"potentialAction\":[{\"@type\":\"ReadAction\",\"target\":[\"https:\\\/\\\/netolcum.com\\\/\"]}]},{\"@type\":\"BreadcrumbList\",\"@id\":\"https:\\\/\\\/netolcum.com\\\/#breadcrumb\",\"itemListElement\":[{\"@type\":\"ListItem\",\"position\":1,\"name\":\"Anasayfa\",\"item\":\"https:\\\/\\\/netolcum.com\\\/\"},{\"@type\":\"ListItem\",\"position\":2,\"name\":\"Ana Sayfa\"}]},{\"@type\":\"WebSite\",\"@id\":\"https:\\\/\\\/netolcum.com\\\/#website\",\"url\":\"https:\\\/\\\/netolcum.com\\\/\",\"name\":\"NET Tart\u0131m ve \u00d6l\u00e7\u00fcm Cihazlar\u0131 San. Tic. Ltd. \u015eti.\",\"description\":\"Tart\u0131m, \u00d6l\u00e7\u00fcm ve Kontrol Cihazlar\u0131\",\"publisher\":{\"@id\":\"https:\\\/\\\/netolcum.com\\\/#organization\"},\"potentialAction\":[{\"@type\":\"SearchAction\",\"target\":{\"@type\":\"EntryPoint\",\"urlTemplate\":\"https:\\\/\\\/netolcum.com\\\/?s={search_term_string}\"},\"query-input\":{\"@type\":\"PropertyValueSpecification\",\"valueRequired\":true,\"valueName\":\"search_term_string\"}}],\"inLanguage\":\"tr\"},{\"@type\":\"Organization\",\"@id\":\"https:\\\/\\\/netolcum.com\\\/#organization\",\"name\":\"NET Tart\u0131m ve \u00d6l\u00e7\u00fcm Cihazlar\u0131 San. Tic. Ltd. \u015eti.\",\"url\":\"https:\\\/\\\/netolcum.com\\\/\",\"logo\":{\"@type\":\"ImageObject\",\"inLanguage\":\"tr\",\"@id\":\"https:\\\/\\\/netolcum.com\\\/#\\\/schema\\\/logo\\\/image\\\/\",\"url\":\"https:\\\/\\\/netolcum.com\\\/wp-content\\\/uploads\\\/2024\\\/02\\\/cropped-logo.png\",\"contentUrl\":\"https:\\\/\\\/netolcum.com\\\/wp-content\\\/uploads\\\/2024\\\/02\\\/cropped-logo.png\",\"width\":1726,\"height\":498,\"caption\":\"NET Tart\u0131m ve \u00d6l\u00e7\u00fcm Cihazlar\u0131 San. Tic. Ltd. \u015eti.\"},\"image\":{\"@id\":\"https:\\\/\\\/netolcum.com\\\/#\\\/schema\\\/logo\\\/image\\\/\"}}]}<\/script>\n<!-- \/ Yoast SEO plugin. -->","yoast_head_json":{"title":"Net Tart\u0131m ve \u00d6l\u00e7\u00fcm Cihazlar\u0131 Hassas Terazi","description":"Precisa , Ohaus ve Mettler Toledo Hassas Terazi ve \u00d6l\u00e7\u00fcm Cihazlar\u0131 NET LTD. hizmet kalitesi fark\u0131 ile kullan\u0131c\u0131lar\u0131 ile bulu\u015fuyor...","robots":{"index":"index","follow":"follow","max-snippet":"max-snippet:-1","max-image-preview":"max-image-preview:large","max-video-preview":"max-video-preview:-1"},"canonical":"https:\/\/netolcum.com\/","og_locale":"tr_TR","og_type":"article","og_title":"Net Tart\u0131m ve \u00d6l\u00e7\u00fcm Cihazlar\u0131 Hassas Terazi","og_description":"Precisa , Ohaus ve Mettler Toledo Hassas Terazi ve \u00d6l\u00e7\u00fcm Cihazlar\u0131 NET LTD. hizmet kalitesi fark\u0131 ile kullan\u0131c\u0131lar\u0131 ile bulu\u015fuyor...","og_url":"https:\/\/netolcum.com\/","og_site_name":"NET Tart\u0131m ve \u00d6l\u00e7\u00fcm Cihazlar\u0131 San. Tic. Ltd. \u015eti.","article_modified_time":"2025-04-01T16:19:38+00:00","twitter_card":"summary_large_image","twitter_misc":{"Tahmini okuma s\u00fcresi":"1 dakika"},"schema":{"@context":"https:\/\/schema.org","@graph":[{"@type":"WebPage","@id":"https:\/\/netolcum.com\/","url":"https:\/\/netolcum.com\/","name":"Net Tart\u0131m ve \u00d6l\u00e7\u00fcm Cihazlar\u0131 Hassas Terazi","isPartOf":{"@id":"https:\/\/netolcum.com\/#website"},"datePublished":"2024-02-18T11:26:31+00:00","dateModified":"2025-04-01T16:19:38+00:00","description":"Precisa , Ohaus ve Mettler Toledo Hassas Terazi ve \u00d6l\u00e7\u00fcm Cihazlar\u0131 NET LTD. hizmet kalitesi fark\u0131 ile kullan\u0131c\u0131lar\u0131 ile bulu\u015fuyor...","breadcrumb":{"@id":"https:\/\/netolcum.com\/#breadcrumb"},"inLanguage":"tr","potentialAction":[{"@type":"ReadAction","target":["https:\/\/netolcum.com\/"]}]},{"@type":"BreadcrumbList","@id":"https:\/\/netolcum.com\/#breadcrumb","itemListElement":[{"@type":"ListItem","position":1,"name":"Anasayfa","item":"https:\/\/netolcum.com\/"},{"@type":"ListItem","position":2,"name":"Ana Sayfa"}]},{"@type":"WebSite","@id":"https:\/\/netolcum.com\/#website","url":"https:\/\/netolcum.com\/","name":"NET Tart\u0131m ve \u00d6l\u00e7\u00fcm Cihazlar\u0131 San. Tic. Ltd. \u015eti.","description":"Tart\u0131m, \u00d6l\u00e7\u00fcm ve Kontrol Cihazlar\u0131","publisher":{"@id":"https:\/\/netolcum.com\/#organization"},"potentialAction":[{"@type":"SearchAction","target":{"@type":"EntryPoint","urlTemplate":"https:\/\/netolcum.com\/?s={search_term_string}"},"query-input":{"@type":"PropertyValueSpecification","valueRequired":true,"valueName":"search_term_string"}}],"inLanguage":"tr"},{"@type":"Organization","@id":"https:\/\/netolcum.com\/#organization","name":"NET Tart\u0131m ve \u00d6l\u00e7\u00fcm Cihazlar\u0131 San. Tic. Ltd. \u015eti.","url":"https:\/\/netolcum.com\/","logo":{"@type":"ImageObject","inLanguage":"tr","@id":"https:\/\/netolcum.com\/#\/schema\/logo\/image\/","url":"https:\/\/netolcum.com\/wp-content\/uploads\/2024\/02\/cropped-logo.png","contentUrl":"https:\/\/netolcum.com\/wp-content\/uploads\/2024\/02\/cropped-logo.png","width":1726,"height":498,"caption":"NET Tart\u0131m ve \u00d6l\u00e7\u00fcm Cihazlar\u0131 San. Tic. Ltd. \u015eti."},"image":{"@id":"https:\/\/netolcum.com\/#\/schema\/logo\/image\/"}}]}},"_links":{"self":[{"href":"https:\/\/netolcum.com\/index.php\/wp-json\/wp\/v2\/pages\/2","targetHints":{"allow":["GET"]}}],"collection":[{"href":"https:\/\/netolcum.com\/index.php\/wp-json\/wp\/v2\/pages"}],"about":[{"href":"https:\/\/netolcum.com\/index.php\/wp-json\/wp\/v2\/types\/page"}],"author":[{"embeddable":true,"href":"https:\/\/netolcum.com\/index.php\/wp-json\/wp\/v2\/users\/1"}],"replies":[{"embeddable":true,"href":"https:\/\/netolcum.com\/index.php\/wp-json\/wp\/v2\/comments?post=2"}],"version-history":[{"count":26,"href":"https:\/\/netolcum.com\/index.php\/wp-json\/wp\/v2\/pages\/2\/revisions"}],"predecessor-version":[{"id":161,"href":"https:\/\/netolcum.com\/index.php\/wp-json\/wp\/v2\/pages\/2\/revisions\/161"}],"wp:attachment":[{"href":"https:\/\/netolcum.com\/index.php\/wp-json\/wp\/v2\/media?parent=2"}],"curies":[{"name":"wp","href":"https:\/\/api.w.org\/{rel}","templated":true}]}}