{"id":29,"date":"2024-02-18T12:15:07","date_gmt":"2024-02-18T12:15:07","guid":{"rendered":"https:\/\/netolcum.com\/?page_id=29"},"modified":"2024-02-18T12:15:07","modified_gmt":"2024-02-18T12:15:07","slug":"teraziler","status":"publish","type":"page","link":"https:\/\/netolcum.com\/index.php\/teraziler\/","title":{"rendered":"TERAZ\u0130LER"},"content":{"rendered":"","protected":false},"excerpt":{"rendered":"","protected":false},"author":1,"featured_media":0,"parent":0,"menu_order":0,"comment_status":"closed","ping_status":"closed","template":"","meta":{"footnotes":""},"class_list":["post-29","page","type-page","status-publish"],"yoast_head":"<!-- This site is optimized with the Yoast SEO plugin v27.4 - https:\/\/yoast.com\/product\/yoast-seo-wordpress\/ -->\n<title>TERAZ\u0130LER - NET Tart\u0131m ve \u00d6l\u00e7\u00fcm Cihazlar\u0131 San. Tic. Ltd. \u015eti.<\/title>\n<meta name=\"robots\" content=\"index, follow, max-snippet:-1, max-image-preview:large, max-video-preview:-1\" \/>\n<link rel=\"canonical\" href=\"https:\/\/netolcum.com\/index.php\/teraziler\/\" \/>\n<meta property=\"og:locale\" content=\"tr_TR\" \/>\n<meta property=\"og:type\" content=\"article\" \/>\n<meta property=\"og:title\" content=\"TERAZ\u0130LER - NET Tart\u0131m ve \u00d6l\u00e7\u00fcm Cihazlar\u0131 San. Tic. Ltd. \u015eti.\" \/>\n<meta property=\"og:url\" content=\"https:\/\/netolcum.com\/index.php\/teraziler\/\" \/>\n<meta property=\"og:site_name\" content=\"NET Tart\u0131m ve \u00d6l\u00e7\u00fcm Cihazlar\u0131 San. Tic. Ltd. \u015eti.\" \/>\n<meta name=\"twitter:card\" content=\"summary_large_image\" \/>\n<script type=\"application\/ld+json\" class=\"yoast-schema-graph\">{\"@context\":\"https:\\\/\\\/schema.org\",\"@graph\":[{\"@type\":\"WebPage\",\"@id\":\"https:\\\/\\\/netolcum.com\\\/index.php\\\/teraziler\\\/\",\"url\":\"https:\\\/\\\/netolcum.com\\\/index.php\\\/teraziler\\\/\",\"name\":\"TERAZ\u0130LER - NET Tart\u0131m ve \u00d6l\u00e7\u00fcm Cihazlar\u0131 San. Tic. Ltd. \u015eti.\",\"isPartOf\":{\"@id\":\"https:\\\/\\\/netolcum.com\\\/#website\"},\"datePublished\":\"2024-02-18T12:15:07+00:00\",\"breadcrumb\":{\"@id\":\"https:\\\/\\\/netolcum.com\\\/index.php\\\/teraziler\\\/#breadcrumb\"},\"inLanguage\":\"tr\",\"potentialAction\":[{\"@type\":\"ReadAction\",\"target\":[\"https:\\\/\\\/netolcum.com\\\/index.php\\\/teraziler\\\/\"]}]},{\"@type\":\"BreadcrumbList\",\"@id\":\"https:\\\/\\\/netolcum.com\\\/index.php\\\/teraziler\\\/#breadcrumb\",\"itemListElement\":[{\"@type\":\"ListItem\",\"position\":1,\"name\":\"Anasayfa\",\"item\":\"https:\\\/\\\/netolcum.com\\\/\"},{\"@type\":\"ListItem\",\"position\":2,\"name\":\"TERAZ\u0130LER\"}]},{\"@type\":\"WebSite\",\"@id\":\"https:\\\/\\\/netolcum.com\\\/#website\",\"url\":\"https:\\\/\\\/netolcum.com\\\/\",\"name\":\"NET Tart\u0131m ve \u00d6l\u00e7\u00fcm Cihazlar\u0131 San. Tic. Ltd. \u015eti.\",\"description\":\"Tart\u0131m, \u00d6l\u00e7\u00fcm ve Kontrol Cihazlar\u0131\",\"publisher\":{\"@id\":\"https:\\\/\\\/netolcum.com\\\/#organization\"},\"potentialAction\":[{\"@type\":\"SearchAction\",\"target\":{\"@type\":\"EntryPoint\",\"urlTemplate\":\"https:\\\/\\\/netolcum.com\\\/?s={search_term_string}\"},\"query-input\":{\"@type\":\"PropertyValueSpecification\",\"valueRequired\":true,\"valueName\":\"search_term_string\"}}],\"inLanguage\":\"tr\"},{\"@type\":\"Organization\",\"@id\":\"https:\\\/\\\/netolcum.com\\\/#organization\",\"name\":\"NET Tart\u0131m ve \u00d6l\u00e7\u00fcm Cihazlar\u0131 San. Tic. Ltd. \u015eti.\",\"url\":\"https:\\\/\\\/netolcum.com\\\/\",\"logo\":{\"@type\":\"ImageObject\",\"inLanguage\":\"tr\",\"@id\":\"https:\\\/\\\/netolcum.com\\\/#\\\/schema\\\/logo\\\/image\\\/\",\"url\":\"https:\\\/\\\/netolcum.com\\\/wp-content\\\/uploads\\\/2024\\\/02\\\/cropped-logo.png\",\"contentUrl\":\"https:\\\/\\\/netolcum.com\\\/wp-content\\\/uploads\\\/2024\\\/02\\\/cropped-logo.png\",\"width\":1726,\"height\":498,\"caption\":\"NET Tart\u0131m ve \u00d6l\u00e7\u00fcm Cihazlar\u0131 San. Tic. Ltd. \u015eti.\"},\"image\":{\"@id\":\"https:\\\/\\\/netolcum.com\\\/#\\\/schema\\\/logo\\\/image\\\/\"}}]}<\/script>\n<!-- \/ Yoast SEO plugin. -->","yoast_head_json":{"title":"TERAZ\u0130LER - NET Tart\u0131m ve \u00d6l\u00e7\u00fcm Cihazlar\u0131 San. Tic. Ltd. \u015eti.","robots":{"index":"index","follow":"follow","max-snippet":"max-snippet:-1","max-image-preview":"max-image-preview:large","max-video-preview":"max-video-preview:-1"},"canonical":"https:\/\/netolcum.com\/index.php\/teraziler\/","og_locale":"tr_TR","og_type":"article","og_title":"TERAZ\u0130LER - NET Tart\u0131m ve \u00d6l\u00e7\u00fcm Cihazlar\u0131 San. Tic. Ltd. \u015eti.","og_url":"https:\/\/netolcum.com\/index.php\/teraziler\/","og_site_name":"NET Tart\u0131m ve \u00d6l\u00e7\u00fcm Cihazlar\u0131 San. Tic. Ltd. \u015eti.","twitter_card":"summary_large_image","schema":{"@context":"https:\/\/schema.org","@graph":[{"@type":"WebPage","@id":"https:\/\/netolcum.com\/index.php\/teraziler\/","url":"https:\/\/netolcum.com\/index.php\/teraziler\/","name":"TERAZ\u0130LER - NET Tart\u0131m ve \u00d6l\u00e7\u00fcm Cihazlar\u0131 San. Tic. Ltd. \u015eti.","isPartOf":{"@id":"https:\/\/netolcum.com\/#website"},"datePublished":"2024-02-18T12:15:07+00:00","breadcrumb":{"@id":"https:\/\/netolcum.com\/index.php\/teraziler\/#breadcrumb"},"inLanguage":"tr","potentialAction":[{"@type":"ReadAction","target":["https:\/\/netolcum.com\/index.php\/teraziler\/"]}]},{"@type":"BreadcrumbList","@id":"https:\/\/netolcum.com\/index.php\/teraziler\/#breadcrumb","itemListElement":[{"@type":"ListItem","position":1,"name":"Anasayfa","item":"https:\/\/netolcum.com\/"},{"@type":"ListItem","position":2,"name":"TERAZ\u0130LER"}]},{"@type":"WebSite","@id":"https:\/\/netolcum.com\/#website","url":"https:\/\/netolcum.com\/","name":"NET Tart\u0131m ve \u00d6l\u00e7\u00fcm Cihazlar\u0131 San. Tic. Ltd. \u015eti.","description":"Tart\u0131m, \u00d6l\u00e7\u00fcm ve Kontrol Cihazlar\u0131","publisher":{"@id":"https:\/\/netolcum.com\/#organization"},"potentialAction":[{"@type":"SearchAction","target":{"@type":"EntryPoint","urlTemplate":"https:\/\/netolcum.com\/?s={search_term_string}"},"query-input":{"@type":"PropertyValueSpecification","valueRequired":true,"valueName":"search_term_string"}}],"inLanguage":"tr"},{"@type":"Organization","@id":"https:\/\/netolcum.com\/#organization","name":"NET Tart\u0131m ve \u00d6l\u00e7\u00fcm Cihazlar\u0131 San. Tic. Ltd. \u015eti.","url":"https:\/\/netolcum.com\/","logo":{"@type":"ImageObject","inLanguage":"tr","@id":"https:\/\/netolcum.com\/#\/schema\/logo\/image\/","url":"https:\/\/netolcum.com\/wp-content\/uploads\/2024\/02\/cropped-logo.png","contentUrl":"https:\/\/netolcum.com\/wp-content\/uploads\/2024\/02\/cropped-logo.png","width":1726,"height":498,"caption":"NET Tart\u0131m ve \u00d6l\u00e7\u00fcm Cihazlar\u0131 San. Tic. Ltd. \u015eti."},"image":{"@id":"https:\/\/netolcum.com\/#\/schema\/logo\/image\/"}}]}},"_links":{"self":[{"href":"https:\/\/netolcum.com\/index.php\/wp-json\/wp\/v2\/pages\/29","targetHints":{"allow":["GET"]}}],"collection":[{"href":"https:\/\/netolcum.com\/index.php\/wp-json\/wp\/v2\/pages"}],"about":[{"href":"https:\/\/netolcum.com\/index.php\/wp-json\/wp\/v2\/types\/page"}],"author":[{"embeddable":true,"href":"https:\/\/netolcum.com\/index.php\/wp-json\/wp\/v2\/users\/1"}],"replies":[{"embeddable":true,"href":"https:\/\/netolcum.com\/index.php\/wp-json\/wp\/v2\/comments?post=29"}],"version-history":[{"count":1,"href":"https:\/\/netolcum.com\/index.php\/wp-json\/wp\/v2\/pages\/29\/revisions"}],"predecessor-version":[{"id":36,"href":"https:\/\/netolcum.com\/index.php\/wp-json\/wp\/v2\/pages\/29\/revisions\/36"}],"wp:attachment":[{"href":"https:\/\/netolcum.com\/index.php\/wp-json\/wp\/v2\/media?parent=29"}],"curies":[{"name":"wp","href":"https:\/\/api.w.org\/{rel}","templated":true}]}}