{"id":34,"date":"2024-02-18T12:15:07","date_gmt":"2024-02-18T12:15:07","guid":{"rendered":"https:\/\/netolcum.com\/?page_id=34"},"modified":"2025-10-25T14:14:32","modified_gmt":"2025-10-25T14:14:32","slug":"teknik-servis","status":"publish","type":"page","link":"https:\/\/netolcum.com\/index.php\/teknik-servis\/","title":{"rendered":"TEKN\u0130K SERV\u0130S"},"content":{"rendered":"\t\t<div data-elementor-type=\"wp-page\" data-elementor-id=\"34\" class=\"elementor elementor-34\">\n\t\t\t\t\t\t<section class=\"elementor-section elementor-top-section elementor-element elementor-element-481d24e elementor-section-boxed elementor-section-height-default elementor-section-height-default\" data-id=\"481d24e\" data-element_type=\"section\" data-e-type=\"section\">\n\t\t\t\t\t\t<div class=\"elementor-container elementor-column-gap-default\">\n\t\t\t\t\t<div class=\"elementor-column elementor-col-50 elementor-top-column elementor-element elementor-element-be9dec5\" data-id=\"be9dec5\" data-element_type=\"column\" data-e-type=\"column\">\n\t\t\t<div class=\"elementor-widget-wrap elementor-element-populated\">\n\t\t\t\t\t\t<div class=\"elementor-element elementor-element-5fc22d5 elementor-widget elementor-widget-image\" data-id=\"5fc22d5\" data-element_type=\"widget\" data-e-type=\"widget\" data-widget_type=\"image.default\">\n\t\t\t\t<div class=\"elementor-widget-container\">\n\t\t\t\t\t\t\t\t\t\t\t\t\t\t\t<img fetchpriority=\"high\" decoding=\"async\" width=\"1024\" height=\"287\" src=\"https:\/\/netolcum.com\/wp-content\/uploads\/2024\/02\/logo-1024x287.png\" class=\"attachment-large size-large wp-image-115\" alt=\"\" srcset=\"https:\/\/netolcum.com\/wp-content\/uploads\/2024\/02\/logo-1024x287.png 1024w, https:\/\/netolcum.com\/wp-content\/uploads\/2024\/02\/logo-300x84.png 300w, https:\/\/netolcum.com\/wp-content\/uploads\/2024\/02\/logo-768x215.png 768w, https:\/\/netolcum.com\/wp-content\/uploads\/2024\/02\/logo-1536x431.png 1536w, https:\/\/netolcum.com\/wp-content\/uploads\/2024\/02\/logo.png 1783w\" sizes=\"(max-width: 1024px) 100vw, 1024px\" \/>\t\t\t\t\t\t\t\t\t\t\t\t\t\t\t<\/div>\n\t\t\t\t<\/div>\n\t\t\t\t\t<\/div>\n\t\t<\/div>\n\t\t\t\t<div class=\"elementor-column elementor-col-50 elementor-top-column elementor-element elementor-element-b618a96\" data-id=\"b618a96\" data-element_type=\"column\" data-e-type=\"column\">\n\t\t\t<div class=\"elementor-widget-wrap elementor-element-populated\">\n\t\t\t\t\t\t<div class=\"elementor-element elementor-element-970352f elementor-widget elementor-widget-text-editor\" data-id=\"970352f\" data-element_type=\"widget\" data-e-type=\"widget\" data-widget_type=\"text-editor.default\">\n\t\t\t\t<div class=\"elementor-widget-container\">\n\t\t\t\t\t\t\t\t\t<p><strong><span style=\"color: #c89d23;\">Hassas Terazi Teknik Servis Hizmetlerimiz<\/span><\/strong><\/p><p>Analitik, Hassas, End\u00fcstriyel Terazi ve Nem Tayin Cihazlar\u0131n\u0131z\u0131n ve di\u011fer Laboratuvar temel \u00f6l\u00e7\u00fcm aletlerinizin elektronik, mekanik ar\u0131za ve hasar durumlar\u0131nda servisimiz ile irtibata ge\u00e7ebilirsiniz. Servisimiz taraf\u0131ndan kesin ar\u0131za tespiti \u00fccretsiz olarak yap\u0131larak size cihaz\u0131n\u0131z\u0131n durumu ile ilgili bilgi verilecektir. Par\u00e7a de\u011fi\u015fimi ve servis m\u00fcdahalesi gereken durumlarda bir \u201cTeknik Servis Fiyat Teklifi\u201d olu\u015fturulacak ve onay\u0131n\u0131z halinde servis i\u015flemleri ger\u00e7ekle\u015ftirilecektir. Ayr\u0131ca farkl\u0131 markalarda \u00fcst seviye teraziler i\u00e7in \u201cYetkili Profesyonel Servis Hizmetleri\u201d isteyebilirsiniz.<\/p><p>Analitik, Hassas veya End\u00fcstriyel terazilerinizi de\u011fi\u015fik kombinasyonlarda farkl\u0131 cihazlar ve aksesuarlar ile kullanabilirsiniz. Desteklenen ba\u011flant\u0131lar i\u00e7in \u00f6ncelikle Teknik servisinize dan\u0131\u015farak, ihtiya\u00e7 halinde orijinal aksesuarlar\u0131 kullanman\u0131z\u0131 tavsiye ediyoruz. Sorun ya\u015faman\u0131z halinde bizim ile irtibata ge\u00e7ebilirsiniz.<\/p>\t\t\t\t\t\t\t\t<\/div>\n\t\t\t\t<\/div>\n\t\t\t\t<section class=\"elementor-section elementor-inner-section elementor-element elementor-element-1cdbc47 elementor-section-boxed elementor-section-height-default elementor-section-height-default\" data-id=\"1cdbc47\" data-element_type=\"section\" data-e-type=\"section\">\n\t\t\t\t\t\t<div class=\"elementor-container elementor-column-gap-default\">\n\t\t\t\t\t<div class=\"elementor-column elementor-col-50 elementor-inner-column elementor-element elementor-element-6065cdd\" data-id=\"6065cdd\" data-element_type=\"column\" data-e-type=\"column\">\n\t\t\t<div class=\"elementor-widget-wrap elementor-element-populated\">\n\t\t\t\t\t\t<div class=\"elementor-element elementor-element-d30ec55 elementor-widget elementor-widget-text-editor\" data-id=\"d30ec55\" data-element_type=\"widget\" data-e-type=\"widget\" data-widget_type=\"text-editor.default\">\n\t\t\t\t<div class=\"elementor-widget-container\">\n\t\t\t\t\t\t\t\t\t<p><span style=\"color: #c89d23;\"><strong>Teknik Servis \u0130leti\u015fim Bilgilerimiz<\/strong><\/span><\/p><p><strong>e-posta<\/strong>\u00a0 \u00a0 \u00a0 :\u00a0 <a href=\"mailto:servis@netolcum.com\">\u00a0<span style=\"color: #c89d23;\"><strong>servis@netolcum.com<\/strong><\/span><\/a><\/p><p><strong>Whatsapp<\/strong> :\u00a0 \u00a0<a href=\"tel:05374592704\"><span style=\"color: #c89d23;\"><strong>0537 459 27 04<\/strong><\/span><\/a><\/p><p><strong>Tel\u00a0<\/strong> \u00a0 \u00a0 \u00a0 \u00a0 \u00a0 \u00a0 :\u00a0 \u00a0<a href=\"tel:05374592704\"><span style=\"color: #c89d23;\"><strong>0212 603 20 10<\/strong><\/span><\/a><\/p>\t\t\t\t\t\t\t\t<\/div>\n\t\t\t\t<\/div>\n\t\t\t\t\t<\/div>\n\t\t<\/div>\n\t\t\t\t<div class=\"elementor-column elementor-col-50 elementor-inner-column elementor-element elementor-element-4f4827f\" data-id=\"4f4827f\" data-element_type=\"column\" data-e-type=\"column\">\n\t\t\t<div class=\"elementor-widget-wrap\">\n\t\t\t\t\t\t\t<\/div>\n\t\t<\/div>\n\t\t\t\t\t<\/div>\n\t\t<\/section>\n\t\t\t\t\t<\/div>\n\t\t<\/div>\n\t\t\t\t\t<\/div>\n\t\t<\/section>\n\t\t<div class=\"elementor-element elementor-element-2456f75 e-flex e-con-boxed e-con e-parent\" data-id=\"2456f75\" data-element_type=\"container\" data-e-type=\"container\">\n\t\t\t\t\t<div class=\"e-con-inner\">\n\t\t\t\t\t<\/div>\n\t\t\t\t<\/div>\n\t\t\t\t<\/div>\n\t\t","protected":false},"excerpt":{"rendered":"<p>Hassas Terazi Teknik Servis Hizmetlerimiz Analitik, Hassas, End\u00fcstriyel Terazi ve Nem Tayin Cihazlar\u0131n\u0131z\u0131n ve di\u011fer Laboratuvar temel \u00f6l\u00e7\u00fcm aletlerinizin elektronik, mekanik ar\u0131za ve hasar durumlar\u0131nda servisimiz ile irtibata ge\u00e7ebilirsiniz. Servisimiz taraf\u0131ndan kesin ar\u0131za tespiti \u00fccretsiz olarak yap\u0131larak size cihaz\u0131n\u0131z\u0131n durumu ile ilgili bilgi verilecektir. Par\u00e7a de\u011fi\u015fimi ve servis m\u00fcdahalesi gereken durumlarda bir \u201cTeknik Servis Fiyat &#8230; <a title=\"TEKN\u0130K SERV\u0130S\" class=\"read-more\" href=\"https:\/\/netolcum.com\/index.php\/teknik-servis\/\" aria-label=\"Read more about TEKN\u0130K SERV\u0130S\">Devam\u0131n\u0131 oku<\/a><\/p>\n","protected":false},"author":1,"featured_media":0,"parent":0,"menu_order":0,"comment_status":"closed","ping_status":"closed","template":"","meta":{"footnotes":""},"class_list":["post-34","page","type-page","status-publish"],"yoast_head":"<!-- This site is optimized with the Yoast SEO plugin v27.4 - https:\/\/yoast.com\/product\/yoast-seo-wordpress\/ -->\n<title>TEKN\u0130K SERV\u0130S - NET Tart\u0131m ve \u00d6l\u00e7\u00fcm Cihazlar\u0131 San. Tic. Ltd. \u015eti.<\/title>\n<meta name=\"robots\" content=\"index, follow, max-snippet:-1, max-image-preview:large, max-video-preview:-1\" \/>\n<link rel=\"canonical\" href=\"https:\/\/netolcum.com\/index.php\/teknik-servis\/\" \/>\n<meta property=\"og:locale\" content=\"tr_TR\" \/>\n<meta property=\"og:type\" content=\"article\" \/>\n<meta property=\"og:title\" content=\"TEKN\u0130K SERV\u0130S - NET Tart\u0131m ve \u00d6l\u00e7\u00fcm Cihazlar\u0131 San. Tic. Ltd. \u015eti.\" \/>\n<meta property=\"og:description\" content=\"Hassas Terazi Teknik Servis Hizmetlerimiz Analitik, Hassas, End\u00fcstriyel Terazi ve Nem Tayin Cihazlar\u0131n\u0131z\u0131n ve di\u011fer Laboratuvar temel \u00f6l\u00e7\u00fcm aletlerinizin elektronik, mekanik ar\u0131za ve hasar durumlar\u0131nda servisimiz ile irtibata ge\u00e7ebilirsiniz. Servisimiz taraf\u0131ndan kesin ar\u0131za tespiti \u00fccretsiz olarak yap\u0131larak size cihaz\u0131n\u0131z\u0131n durumu ile ilgili bilgi verilecektir. Par\u00e7a de\u011fi\u015fimi ve servis m\u00fcdahalesi gereken durumlarda bir \u201cTeknik Servis Fiyat ... Devam\u0131n\u0131 oku\" \/>\n<meta property=\"og:url\" content=\"https:\/\/netolcum.com\/index.php\/teknik-servis\/\" \/>\n<meta property=\"og:site_name\" content=\"NET Tart\u0131m ve \u00d6l\u00e7\u00fcm Cihazlar\u0131 San. Tic. Ltd. \u015eti.\" \/>\n<meta property=\"article:modified_time\" content=\"2025-10-25T14:14:32+00:00\" \/>\n<meta property=\"og:image\" content=\"https:\/\/netolcum.com\/wp-content\/uploads\/2024\/02\/logo.png\" \/>\n\t<meta property=\"og:image:width\" content=\"1783\" \/>\n\t<meta property=\"og:image:height\" content=\"500\" \/>\n\t<meta property=\"og:image:type\" content=\"image\/png\" \/>\n<meta name=\"twitter:card\" content=\"summary_large_image\" \/>\n<meta name=\"twitter:label1\" content=\"Tahmini okuma s\u00fcresi\" \/>\n\t<meta name=\"twitter:data1\" content=\"1 dakika\" \/>\n<script type=\"application\/ld+json\" class=\"yoast-schema-graph\">{\"@context\":\"https:\\\/\\\/schema.org\",\"@graph\":[{\"@type\":\"WebPage\",\"@id\":\"https:\\\/\\\/netolcum.com\\\/index.php\\\/teknik-servis\\\/\",\"url\":\"https:\\\/\\\/netolcum.com\\\/index.php\\\/teknik-servis\\\/\",\"name\":\"TEKN\u0130K SERV\u0130S - NET Tart\u0131m ve \u00d6l\u00e7\u00fcm Cihazlar\u0131 San. Tic. Ltd. \u015eti.\",\"isPartOf\":{\"@id\":\"https:\\\/\\\/netolcum.com\\\/#website\"},\"primaryImageOfPage\":{\"@id\":\"https:\\\/\\\/netolcum.com\\\/index.php\\\/teknik-servis\\\/#primaryimage\"},\"image\":{\"@id\":\"https:\\\/\\\/netolcum.com\\\/index.php\\\/teknik-servis\\\/#primaryimage\"},\"thumbnailUrl\":\"https:\\\/\\\/netolcum.com\\\/wp-content\\\/uploads\\\/2024\\\/02\\\/logo-1024x287.png\",\"datePublished\":\"2024-02-18T12:15:07+00:00\",\"dateModified\":\"2025-10-25T14:14:32+00:00\",\"breadcrumb\":{\"@id\":\"https:\\\/\\\/netolcum.com\\\/index.php\\\/teknik-servis\\\/#breadcrumb\"},\"inLanguage\":\"tr\",\"potentialAction\":[{\"@type\":\"ReadAction\",\"target\":[\"https:\\\/\\\/netolcum.com\\\/index.php\\\/teknik-servis\\\/\"]}]},{\"@type\":\"ImageObject\",\"inLanguage\":\"tr\",\"@id\":\"https:\\\/\\\/netolcum.com\\\/index.php\\\/teknik-servis\\\/#primaryimage\",\"url\":\"https:\\\/\\\/netolcum.com\\\/wp-content\\\/uploads\\\/2024\\\/02\\\/logo.png\",\"contentUrl\":\"https:\\\/\\\/netolcum.com\\\/wp-content\\\/uploads\\\/2024\\\/02\\\/logo.png\",\"width\":1783,\"height\":500},{\"@type\":\"BreadcrumbList\",\"@id\":\"https:\\\/\\\/netolcum.com\\\/index.php\\\/teknik-servis\\\/#breadcrumb\",\"itemListElement\":[{\"@type\":\"ListItem\",\"position\":1,\"name\":\"Anasayfa\",\"item\":\"https:\\\/\\\/netolcum.com\\\/\"},{\"@type\":\"ListItem\",\"position\":2,\"name\":\"TEKN\u0130K SERV\u0130S\"}]},{\"@type\":\"WebSite\",\"@id\":\"https:\\\/\\\/netolcum.com\\\/#website\",\"url\":\"https:\\\/\\\/netolcum.com\\\/\",\"name\":\"NET Tart\u0131m ve \u00d6l\u00e7\u00fcm Cihazlar\u0131 San. Tic. Ltd. \u015eti.\",\"description\":\"Tart\u0131m, \u00d6l\u00e7\u00fcm ve Kontrol Cihazlar\u0131\",\"publisher\":{\"@id\":\"https:\\\/\\\/netolcum.com\\\/#organization\"},\"potentialAction\":[{\"@type\":\"SearchAction\",\"target\":{\"@type\":\"EntryPoint\",\"urlTemplate\":\"https:\\\/\\\/netolcum.com\\\/?s={search_term_string}\"},\"query-input\":{\"@type\":\"PropertyValueSpecification\",\"valueRequired\":true,\"valueName\":\"search_term_string\"}}],\"inLanguage\":\"tr\"},{\"@type\":\"Organization\",\"@id\":\"https:\\\/\\\/netolcum.com\\\/#organization\",\"name\":\"NET Tart\u0131m ve \u00d6l\u00e7\u00fcm Cihazlar\u0131 San. Tic. Ltd. \u015eti.\",\"url\":\"https:\\\/\\\/netolcum.com\\\/\",\"logo\":{\"@type\":\"ImageObject\",\"inLanguage\":\"tr\",\"@id\":\"https:\\\/\\\/netolcum.com\\\/#\\\/schema\\\/logo\\\/image\\\/\",\"url\":\"https:\\\/\\\/netolcum.com\\\/wp-content\\\/uploads\\\/2024\\\/02\\\/cropped-logo.png\",\"contentUrl\":\"https:\\\/\\\/netolcum.com\\\/wp-content\\\/uploads\\\/2024\\\/02\\\/cropped-logo.png\",\"width\":1726,\"height\":498,\"caption\":\"NET Tart\u0131m ve \u00d6l\u00e7\u00fcm Cihazlar\u0131 San. Tic. Ltd. \u015eti.\"},\"image\":{\"@id\":\"https:\\\/\\\/netolcum.com\\\/#\\\/schema\\\/logo\\\/image\\\/\"}}]}<\/script>\n<!-- \/ Yoast SEO plugin. -->","yoast_head_json":{"title":"TEKN\u0130K SERV\u0130S - NET Tart\u0131m ve \u00d6l\u00e7\u00fcm Cihazlar\u0131 San. Tic. Ltd. \u015eti.","robots":{"index":"index","follow":"follow","max-snippet":"max-snippet:-1","max-image-preview":"max-image-preview:large","max-video-preview":"max-video-preview:-1"},"canonical":"https:\/\/netolcum.com\/index.php\/teknik-servis\/","og_locale":"tr_TR","og_type":"article","og_title":"TEKN\u0130K SERV\u0130S - NET Tart\u0131m ve \u00d6l\u00e7\u00fcm Cihazlar\u0131 San. Tic. Ltd. \u015eti.","og_description":"Hassas Terazi Teknik Servis Hizmetlerimiz Analitik, Hassas, End\u00fcstriyel Terazi ve Nem Tayin Cihazlar\u0131n\u0131z\u0131n ve di\u011fer Laboratuvar temel \u00f6l\u00e7\u00fcm aletlerinizin elektronik, mekanik ar\u0131za ve hasar durumlar\u0131nda servisimiz ile irtibata ge\u00e7ebilirsiniz. Servisimiz taraf\u0131ndan kesin ar\u0131za tespiti \u00fccretsiz olarak yap\u0131larak size cihaz\u0131n\u0131z\u0131n durumu ile ilgili bilgi verilecektir. Par\u00e7a de\u011fi\u015fimi ve servis m\u00fcdahalesi gereken durumlarda bir \u201cTeknik Servis Fiyat ... Devam\u0131n\u0131 oku","og_url":"https:\/\/netolcum.com\/index.php\/teknik-servis\/","og_site_name":"NET Tart\u0131m ve \u00d6l\u00e7\u00fcm Cihazlar\u0131 San. Tic. Ltd. \u015eti.","article_modified_time":"2025-10-25T14:14:32+00:00","og_image":[{"width":1783,"height":500,"url":"https:\/\/netolcum.com\/wp-content\/uploads\/2024\/02\/logo.png","type":"image\/png"}],"twitter_card":"summary_large_image","twitter_misc":{"Tahmini okuma s\u00fcresi":"1 dakika"},"schema":{"@context":"https:\/\/schema.org","@graph":[{"@type":"WebPage","@id":"https:\/\/netolcum.com\/index.php\/teknik-servis\/","url":"https:\/\/netolcum.com\/index.php\/teknik-servis\/","name":"TEKN\u0130K SERV\u0130S - NET Tart\u0131m ve \u00d6l\u00e7\u00fcm Cihazlar\u0131 San. Tic. Ltd. \u015eti.","isPartOf":{"@id":"https:\/\/netolcum.com\/#website"},"primaryImageOfPage":{"@id":"https:\/\/netolcum.com\/index.php\/teknik-servis\/#primaryimage"},"image":{"@id":"https:\/\/netolcum.com\/index.php\/teknik-servis\/#primaryimage"},"thumbnailUrl":"https:\/\/netolcum.com\/wp-content\/uploads\/2024\/02\/logo-1024x287.png","datePublished":"2024-02-18T12:15:07+00:00","dateModified":"2025-10-25T14:14:32+00:00","breadcrumb":{"@id":"https:\/\/netolcum.com\/index.php\/teknik-servis\/#breadcrumb"},"inLanguage":"tr","potentialAction":[{"@type":"ReadAction","target":["https:\/\/netolcum.com\/index.php\/teknik-servis\/"]}]},{"@type":"ImageObject","inLanguage":"tr","@id":"https:\/\/netolcum.com\/index.php\/teknik-servis\/#primaryimage","url":"https:\/\/netolcum.com\/wp-content\/uploads\/2024\/02\/logo.png","contentUrl":"https:\/\/netolcum.com\/wp-content\/uploads\/2024\/02\/logo.png","width":1783,"height":500},{"@type":"BreadcrumbList","@id":"https:\/\/netolcum.com\/index.php\/teknik-servis\/#breadcrumb","itemListElement":[{"@type":"ListItem","position":1,"name":"Anasayfa","item":"https:\/\/netolcum.com\/"},{"@type":"ListItem","position":2,"name":"TEKN\u0130K SERV\u0130S"}]},{"@type":"WebSite","@id":"https:\/\/netolcum.com\/#website","url":"https:\/\/netolcum.com\/","name":"NET Tart\u0131m ve \u00d6l\u00e7\u00fcm Cihazlar\u0131 San. Tic. Ltd. \u015eti.","description":"Tart\u0131m, \u00d6l\u00e7\u00fcm ve Kontrol Cihazlar\u0131","publisher":{"@id":"https:\/\/netolcum.com\/#organization"},"potentialAction":[{"@type":"SearchAction","target":{"@type":"EntryPoint","urlTemplate":"https:\/\/netolcum.com\/?s={search_term_string}"},"query-input":{"@type":"PropertyValueSpecification","valueRequired":true,"valueName":"search_term_string"}}],"inLanguage":"tr"},{"@type":"Organization","@id":"https:\/\/netolcum.com\/#organization","name":"NET Tart\u0131m ve \u00d6l\u00e7\u00fcm Cihazlar\u0131 San. Tic. Ltd. \u015eti.","url":"https:\/\/netolcum.com\/","logo":{"@type":"ImageObject","inLanguage":"tr","@id":"https:\/\/netolcum.com\/#\/schema\/logo\/image\/","url":"https:\/\/netolcum.com\/wp-content\/uploads\/2024\/02\/cropped-logo.png","contentUrl":"https:\/\/netolcum.com\/wp-content\/uploads\/2024\/02\/cropped-logo.png","width":1726,"height":498,"caption":"NET Tart\u0131m ve \u00d6l\u00e7\u00fcm Cihazlar\u0131 San. Tic. Ltd. \u015eti."},"image":{"@id":"https:\/\/netolcum.com\/#\/schema\/logo\/image\/"}}]}},"_links":{"self":[{"href":"https:\/\/netolcum.com\/index.php\/wp-json\/wp\/v2\/pages\/34","targetHints":{"allow":["GET"]}}],"collection":[{"href":"https:\/\/netolcum.com\/index.php\/wp-json\/wp\/v2\/pages"}],"about":[{"href":"https:\/\/netolcum.com\/index.php\/wp-json\/wp\/v2\/types\/page"}],"author":[{"embeddable":true,"href":"https:\/\/netolcum.com\/index.php\/wp-json\/wp\/v2\/users\/1"}],"replies":[{"embeddable":true,"href":"https:\/\/netolcum.com\/index.php\/wp-json\/wp\/v2\/comments?post=34"}],"version-history":[{"count":7,"href":"https:\/\/netolcum.com\/index.php\/wp-json\/wp\/v2\/pages\/34\/revisions"}],"predecessor-version":[{"id":171,"href":"https:\/\/netolcum.com\/index.php\/wp-json\/wp\/v2\/pages\/34\/revisions\/171"}],"wp:attachment":[{"href":"https:\/\/netolcum.com\/index.php\/wp-json\/wp\/v2\/media?parent=34"}],"curies":[{"name":"wp","href":"https:\/\/api.w.org\/{rel}","templated":true}]}}