{"id":35,"date":"2024-02-18T12:15:07","date_gmt":"2024-02-18T12:15:07","guid":{"rendered":"https:\/\/netolcum.com\/?page_id=35"},"modified":"2024-02-21T18:20:45","modified_gmt":"2024-02-21T18:20:45","slug":"iletisim","status":"publish","type":"page","link":"https:\/\/netolcum.com\/index.php\/iletisim\/","title":{"rendered":"\u0130LET\u0130\u015e\u0130M"},"content":{"rendered":"\t\t<div data-elementor-type=\"wp-page\" data-elementor-id=\"35\" class=\"elementor elementor-35\">\n\t\t\t\t\t\t<section class=\"elementor-section elementor-top-section elementor-element elementor-element-d99a41f elementor-section-boxed elementor-section-height-default elementor-section-height-default\" data-id=\"d99a41f\" data-element_type=\"section\" data-e-type=\"section\">\n\t\t\t\t\t\t<div class=\"elementor-container elementor-column-gap-default\">\n\t\t\t\t\t<div class=\"elementor-column elementor-col-50 elementor-top-column elementor-element elementor-element-8069a64\" data-id=\"8069a64\" data-element_type=\"column\" data-e-type=\"column\">\n\t\t\t<div class=\"elementor-widget-wrap elementor-element-populated\">\n\t\t\t\t\t\t<div class=\"elementor-element elementor-element-fd01214 elementor-widget elementor-widget-image\" data-id=\"fd01214\" data-element_type=\"widget\" data-e-type=\"widget\" data-widget_type=\"image.default\">\n\t\t\t\t<div class=\"elementor-widget-container\">\n\t\t\t\t\t\t\t\t\t\t\t\t\t\t\t<img fetchpriority=\"high\" decoding=\"async\" width=\"1024\" height=\"287\" src=\"https:\/\/netolcum.com\/wp-content\/uploads\/2024\/02\/logo-1024x287.png\" class=\"attachment-large size-large wp-image-115\" alt=\"\" srcset=\"https:\/\/netolcum.com\/wp-content\/uploads\/2024\/02\/logo-1024x287.png 1024w, https:\/\/netolcum.com\/wp-content\/uploads\/2024\/02\/logo-300x84.png 300w, https:\/\/netolcum.com\/wp-content\/uploads\/2024\/02\/logo-768x215.png 768w, https:\/\/netolcum.com\/wp-content\/uploads\/2024\/02\/logo-1536x431.png 1536w, https:\/\/netolcum.com\/wp-content\/uploads\/2024\/02\/logo.png 1783w\" sizes=\"(max-width: 1024px) 100vw, 1024px\" \/>\t\t\t\t\t\t\t\t\t\t\t\t\t\t\t<\/div>\n\t\t\t\t<\/div>\n\t\t\t\t<div class=\"elementor-element elementor-element-998fedc elementor-widget-tablet__width-initial elementor-widget elementor-widget-text-editor\" data-id=\"998fedc\" data-element_type=\"widget\" data-e-type=\"widget\" data-widget_type=\"text-editor.default\">\n\t\t\t\t<div class=\"elementor-widget-container\">\n\t\t\t\t\t\t\t\t\t<p>Yenibosna Merkez Mah. Ladin Sok. No: 4 KUYUMCUKENT \u00dcretim Blo\u011fu Zemin Kat 6. Sok. No: 15 (Z142) Bah\u00e7elievler, \u0130stanbul<\/p>\t\t\t\t\t\t\t\t<\/div>\n\t\t\t\t<\/div>\n\t\t\t\t<div class=\"elementor-element elementor-element-7363289 elementor-widget-tablet__width-initial elementor-widget elementor-widget-text-editor\" data-id=\"7363289\" data-element_type=\"widget\" data-e-type=\"widget\" data-widget_type=\"text-editor.default\">\n\t\t\t\t<div class=\"elementor-widget-container\">\n\t\t\t\t\t\t\t\t\t<p>Tel\u00a0 \u00a0 \u00a0 \u00a0 \u00a0:\u00a0 <a href=\"tel:02126032010\">0212 603 20 10<\/a><\/p><p>Mobil\u00a0 \u00a0 :\u00a0 <a href=\"tel:05374592704\">0537 459 27 04<\/a><\/p><p>e-posta : <a href=\"mailto:info@netolcum.com\">info@netolcum.com<\/a><\/p>\t\t\t\t\t\t\t\t<\/div>\n\t\t\t\t<\/div>\n\t\t\t\t\t<\/div>\n\t\t<\/div>\n\t\t\t\t<div class=\"elementor-column elementor-col-50 elementor-top-column elementor-element elementor-element-d9d8857\" data-id=\"d9d8857\" data-element_type=\"column\" data-e-type=\"column\">\n\t\t\t<div class=\"elementor-widget-wrap elementor-element-populated\">\n\t\t\t\t\t\t<div class=\"elementor-element elementor-element-79125c7 elementor-widget__width-initial elementor-widget elementor-widget-google_maps\" data-id=\"79125c7\" data-element_type=\"widget\" data-e-type=\"widget\" data-widget_type=\"google_maps.default\">\n\t\t\t\t<div class=\"elementor-widget-container\">\n\t\t\t\t\t\t\t<div class=\"elementor-custom-embed\">\n\t\t\t<iframe loading=\"lazy\"\n\t\t\t\t\tsrc=\"https:\/\/maps.google.com\/maps?q=net%20tart%C4%B1m%20ve%20%C3%B6l%C3%A7%C3%BCm%20cihazlar%C4%B1&#038;t=m&#038;z=12&#038;output=embed&#038;iwloc=near\"\n\t\t\t\t\ttitle=\"net tart\u0131m ve \u00f6l\u00e7\u00fcm cihazlar\u0131\"\n\t\t\t\t\taria-label=\"net tart\u0131m ve \u00f6l\u00e7\u00fcm cihazlar\u0131\"\n\t\t\t><\/iframe>\n\t\t<\/div>\n\t\t\t\t\t\t<\/div>\n\t\t\t\t<\/div>\n\t\t\t\t\t<\/div>\n\t\t<\/div>\n\t\t\t\t\t<\/div>\n\t\t<\/section>\n\t\t\t\t<\/div>\n\t\t","protected":false},"excerpt":{"rendered":"<p>Yenibosna Merkez Mah. Ladin Sok. No: 4 KUYUMCUKENT \u00dcretim Blo\u011fu Zemin Kat 6. Sok. No: 15 (Z142) Bah\u00e7elievler, \u0130stanbul Tel\u00a0 \u00a0 \u00a0 \u00a0 \u00a0:\u00a0 0212 603 20 10 Mobil\u00a0 \u00a0 :\u00a0 0537 459 27 04 e-posta : info@netolcum.com<\/p>\n","protected":false},"author":1,"featured_media":0,"parent":0,"menu_order":0,"comment_status":"closed","ping_status":"closed","template":"","meta":{"footnotes":""},"class_list":["post-35","page","type-page","status-publish"],"yoast_head":"<!-- This site is optimized with the Yoast SEO plugin v27.4 - https:\/\/yoast.com\/product\/yoast-seo-wordpress\/ -->\n<title>\u0130LET\u0130\u015e\u0130M - NET Tart\u0131m ve \u00d6l\u00e7\u00fcm Cihazlar\u0131 San. Tic. Ltd. \u015eti.<\/title>\n<meta name=\"robots\" content=\"index, follow, max-snippet:-1, max-image-preview:large, max-video-preview:-1\" \/>\n<link rel=\"canonical\" href=\"https:\/\/netolcum.com\/index.php\/iletisim\/\" \/>\n<meta property=\"og:locale\" content=\"tr_TR\" \/>\n<meta property=\"og:type\" content=\"article\" \/>\n<meta property=\"og:title\" content=\"\u0130LET\u0130\u015e\u0130M - NET Tart\u0131m ve \u00d6l\u00e7\u00fcm Cihazlar\u0131 San. Tic. Ltd. \u015eti.\" \/>\n<meta property=\"og:description\" content=\"Yenibosna Merkez Mah. Ladin Sok. No: 4 KUYUMCUKENT \u00dcretim Blo\u011fu Zemin Kat 6. Sok. No: 15 (Z142) Bah\u00e7elievler, \u0130stanbul Tel\u00a0 \u00a0 \u00a0 \u00a0 \u00a0:\u00a0 0212 603 20 10 Mobil\u00a0 \u00a0 :\u00a0 0537 459 27 04 e-posta : info@netolcum.com\" \/>\n<meta property=\"og:url\" content=\"https:\/\/netolcum.com\/index.php\/iletisim\/\" \/>\n<meta property=\"og:site_name\" content=\"NET Tart\u0131m ve \u00d6l\u00e7\u00fcm Cihazlar\u0131 San. Tic. Ltd. \u015eti.\" \/>\n<meta property=\"article:modified_time\" content=\"2024-02-21T18:20:45+00:00\" \/>\n<meta property=\"og:image\" content=\"https:\/\/netolcum.com\/wp-content\/uploads\/2024\/02\/logo-1024x287.png\" \/>\n<meta name=\"twitter:card\" content=\"summary_large_image\" \/>\n<meta name=\"twitter:label1\" content=\"Tahmini okuma s\u00fcresi\" \/>\n\t<meta name=\"twitter:data1\" content=\"1 dakika\" \/>\n<script type=\"application\/ld+json\" class=\"yoast-schema-graph\">{\"@context\":\"https:\\\/\\\/schema.org\",\"@graph\":[{\"@type\":\"WebPage\",\"@id\":\"https:\\\/\\\/netolcum.com\\\/index.php\\\/iletisim\\\/\",\"url\":\"https:\\\/\\\/netolcum.com\\\/index.php\\\/iletisim\\\/\",\"name\":\"\u0130LET\u0130\u015e\u0130M - NET Tart\u0131m ve \u00d6l\u00e7\u00fcm Cihazlar\u0131 San. Tic. Ltd. \u015eti.\",\"isPartOf\":{\"@id\":\"https:\\\/\\\/netolcum.com\\\/#website\"},\"primaryImageOfPage\":{\"@id\":\"https:\\\/\\\/netolcum.com\\\/index.php\\\/iletisim\\\/#primaryimage\"},\"image\":{\"@id\":\"https:\\\/\\\/netolcum.com\\\/index.php\\\/iletisim\\\/#primaryimage\"},\"thumbnailUrl\":\"https:\\\/\\\/netolcum.com\\\/wp-content\\\/uploads\\\/2024\\\/02\\\/logo-1024x287.png\",\"datePublished\":\"2024-02-18T12:15:07+00:00\",\"dateModified\":\"2024-02-21T18:20:45+00:00\",\"breadcrumb\":{\"@id\":\"https:\\\/\\\/netolcum.com\\\/index.php\\\/iletisim\\\/#breadcrumb\"},\"inLanguage\":\"tr\",\"potentialAction\":[{\"@type\":\"ReadAction\",\"target\":[\"https:\\\/\\\/netolcum.com\\\/index.php\\\/iletisim\\\/\"]}]},{\"@type\":\"ImageObject\",\"inLanguage\":\"tr\",\"@id\":\"https:\\\/\\\/netolcum.com\\\/index.php\\\/iletisim\\\/#primaryimage\",\"url\":\"https:\\\/\\\/netolcum.com\\\/wp-content\\\/uploads\\\/2024\\\/02\\\/logo.png\",\"contentUrl\":\"https:\\\/\\\/netolcum.com\\\/wp-content\\\/uploads\\\/2024\\\/02\\\/logo.png\",\"width\":1783,\"height\":500},{\"@type\":\"BreadcrumbList\",\"@id\":\"https:\\\/\\\/netolcum.com\\\/index.php\\\/iletisim\\\/#breadcrumb\",\"itemListElement\":[{\"@type\":\"ListItem\",\"position\":1,\"name\":\"Anasayfa\",\"item\":\"https:\\\/\\\/netolcum.com\\\/\"},{\"@type\":\"ListItem\",\"position\":2,\"name\":\"\u0130LET\u0130\u015e\u0130M\"}]},{\"@type\":\"WebSite\",\"@id\":\"https:\\\/\\\/netolcum.com\\\/#website\",\"url\":\"https:\\\/\\\/netolcum.com\\\/\",\"name\":\"NET Tart\u0131m ve \u00d6l\u00e7\u00fcm Cihazlar\u0131 San. Tic. Ltd. \u015eti.\",\"description\":\"Tart\u0131m, \u00d6l\u00e7\u00fcm ve Kontrol Cihazlar\u0131\",\"publisher\":{\"@id\":\"https:\\\/\\\/netolcum.com\\\/#organization\"},\"potentialAction\":[{\"@type\":\"SearchAction\",\"target\":{\"@type\":\"EntryPoint\",\"urlTemplate\":\"https:\\\/\\\/netolcum.com\\\/?s={search_term_string}\"},\"query-input\":{\"@type\":\"PropertyValueSpecification\",\"valueRequired\":true,\"valueName\":\"search_term_string\"}}],\"inLanguage\":\"tr\"},{\"@type\":\"Organization\",\"@id\":\"https:\\\/\\\/netolcum.com\\\/#organization\",\"name\":\"NET Tart\u0131m ve \u00d6l\u00e7\u00fcm Cihazlar\u0131 San. Tic. Ltd. \u015eti.\",\"url\":\"https:\\\/\\\/netolcum.com\\\/\",\"logo\":{\"@type\":\"ImageObject\",\"inLanguage\":\"tr\",\"@id\":\"https:\\\/\\\/netolcum.com\\\/#\\\/schema\\\/logo\\\/image\\\/\",\"url\":\"https:\\\/\\\/netolcum.com\\\/wp-content\\\/uploads\\\/2024\\\/02\\\/cropped-logo.png\",\"contentUrl\":\"https:\\\/\\\/netolcum.com\\\/wp-content\\\/uploads\\\/2024\\\/02\\\/cropped-logo.png\",\"width\":1726,\"height\":498,\"caption\":\"NET Tart\u0131m ve \u00d6l\u00e7\u00fcm Cihazlar\u0131 San. Tic. Ltd. \u015eti.\"},\"image\":{\"@id\":\"https:\\\/\\\/netolcum.com\\\/#\\\/schema\\\/logo\\\/image\\\/\"}}]}<\/script>\n<!-- \/ Yoast SEO plugin. -->","yoast_head_json":{"title":"\u0130LET\u0130\u015e\u0130M - NET Tart\u0131m ve \u00d6l\u00e7\u00fcm Cihazlar\u0131 San. Tic. Ltd. \u015eti.","robots":{"index":"index","follow":"follow","max-snippet":"max-snippet:-1","max-image-preview":"max-image-preview:large","max-video-preview":"max-video-preview:-1"},"canonical":"https:\/\/netolcum.com\/index.php\/iletisim\/","og_locale":"tr_TR","og_type":"article","og_title":"\u0130LET\u0130\u015e\u0130M - NET Tart\u0131m ve \u00d6l\u00e7\u00fcm Cihazlar\u0131 San. Tic. Ltd. \u015eti.","og_description":"Yenibosna Merkez Mah. Ladin Sok. No: 4 KUYUMCUKENT \u00dcretim Blo\u011fu Zemin Kat 6. Sok. No: 15 (Z142) Bah\u00e7elievler, \u0130stanbul Tel\u00a0 \u00a0 \u00a0 \u00a0 \u00a0:\u00a0 0212 603 20 10 Mobil\u00a0 \u00a0 :\u00a0 0537 459 27 04 e-posta : info@netolcum.com","og_url":"https:\/\/netolcum.com\/index.php\/iletisim\/","og_site_name":"NET Tart\u0131m ve \u00d6l\u00e7\u00fcm Cihazlar\u0131 San. Tic. Ltd. \u015eti.","article_modified_time":"2024-02-21T18:20:45+00:00","og_image":[{"url":"https:\/\/netolcum.com\/wp-content\/uploads\/2024\/02\/logo-1024x287.png","type":"","width":"","height":""}],"twitter_card":"summary_large_image","twitter_misc":{"Tahmini okuma s\u00fcresi":"1 dakika"},"schema":{"@context":"https:\/\/schema.org","@graph":[{"@type":"WebPage","@id":"https:\/\/netolcum.com\/index.php\/iletisim\/","url":"https:\/\/netolcum.com\/index.php\/iletisim\/","name":"\u0130LET\u0130\u015e\u0130M - NET Tart\u0131m ve \u00d6l\u00e7\u00fcm Cihazlar\u0131 San. Tic. Ltd. \u015eti.","isPartOf":{"@id":"https:\/\/netolcum.com\/#website"},"primaryImageOfPage":{"@id":"https:\/\/netolcum.com\/index.php\/iletisim\/#primaryimage"},"image":{"@id":"https:\/\/netolcum.com\/index.php\/iletisim\/#primaryimage"},"thumbnailUrl":"https:\/\/netolcum.com\/wp-content\/uploads\/2024\/02\/logo-1024x287.png","datePublished":"2024-02-18T12:15:07+00:00","dateModified":"2024-02-21T18:20:45+00:00","breadcrumb":{"@id":"https:\/\/netolcum.com\/index.php\/iletisim\/#breadcrumb"},"inLanguage":"tr","potentialAction":[{"@type":"ReadAction","target":["https:\/\/netolcum.com\/index.php\/iletisim\/"]}]},{"@type":"ImageObject","inLanguage":"tr","@id":"https:\/\/netolcum.com\/index.php\/iletisim\/#primaryimage","url":"https:\/\/netolcum.com\/wp-content\/uploads\/2024\/02\/logo.png","contentUrl":"https:\/\/netolcum.com\/wp-content\/uploads\/2024\/02\/logo.png","width":1783,"height":500},{"@type":"BreadcrumbList","@id":"https:\/\/netolcum.com\/index.php\/iletisim\/#breadcrumb","itemListElement":[{"@type":"ListItem","position":1,"name":"Anasayfa","item":"https:\/\/netolcum.com\/"},{"@type":"ListItem","position":2,"name":"\u0130LET\u0130\u015e\u0130M"}]},{"@type":"WebSite","@id":"https:\/\/netolcum.com\/#website","url":"https:\/\/netolcum.com\/","name":"NET Tart\u0131m ve \u00d6l\u00e7\u00fcm Cihazlar\u0131 San. Tic. Ltd. \u015eti.","description":"Tart\u0131m, \u00d6l\u00e7\u00fcm ve Kontrol Cihazlar\u0131","publisher":{"@id":"https:\/\/netolcum.com\/#organization"},"potentialAction":[{"@type":"SearchAction","target":{"@type":"EntryPoint","urlTemplate":"https:\/\/netolcum.com\/?s={search_term_string}"},"query-input":{"@type":"PropertyValueSpecification","valueRequired":true,"valueName":"search_term_string"}}],"inLanguage":"tr"},{"@type":"Organization","@id":"https:\/\/netolcum.com\/#organization","name":"NET Tart\u0131m ve \u00d6l\u00e7\u00fcm Cihazlar\u0131 San. Tic. Ltd. \u015eti.","url":"https:\/\/netolcum.com\/","logo":{"@type":"ImageObject","inLanguage":"tr","@id":"https:\/\/netolcum.com\/#\/schema\/logo\/image\/","url":"https:\/\/netolcum.com\/wp-content\/uploads\/2024\/02\/cropped-logo.png","contentUrl":"https:\/\/netolcum.com\/wp-content\/uploads\/2024\/02\/cropped-logo.png","width":1726,"height":498,"caption":"NET Tart\u0131m ve \u00d6l\u00e7\u00fcm Cihazlar\u0131 San. Tic. Ltd. \u015eti."},"image":{"@id":"https:\/\/netolcum.com\/#\/schema\/logo\/image\/"}}]}},"_links":{"self":[{"href":"https:\/\/netolcum.com\/index.php\/wp-json\/wp\/v2\/pages\/35","targetHints":{"allow":["GET"]}}],"collection":[{"href":"https:\/\/netolcum.com\/index.php\/wp-json\/wp\/v2\/pages"}],"about":[{"href":"https:\/\/netolcum.com\/index.php\/wp-json\/wp\/v2\/types\/page"}],"author":[{"embeddable":true,"href":"https:\/\/netolcum.com\/index.php\/wp-json\/wp\/v2\/users\/1"}],"replies":[{"embeddable":true,"href":"https:\/\/netolcum.com\/index.php\/wp-json\/wp\/v2\/comments?post=35"}],"version-history":[{"count":4,"href":"https:\/\/netolcum.com\/index.php\/wp-json\/wp\/v2\/pages\/35\/revisions"}],"predecessor-version":[{"id":118,"href":"https:\/\/netolcum.com\/index.php\/wp-json\/wp\/v2\/pages\/35\/revisions\/118"}],"wp:attachment":[{"href":"https:\/\/netolcum.com\/index.php\/wp-json\/wp\/v2\/media?parent=35"}],"curies":[{"name":"wp","href":"https:\/\/api.w.org\/{rel}","templated":true}]}}